{"id":3,"date":"2026-02-24T12:00:00","date_gmt":"2026-02-24T12:00:00","guid":{"rendered":"https:\/\/pauseurbaine.com\/?page_id=3"},"modified":"2026-03-10T12:11:40","modified_gmt":"2026-03-10T11:11:40","slug":"services","status":"publish","type":"page","link":"https:\/\/pauseurbaine.com\/index.php\/services\/","title":{"rendered":"Nos Services"},"content":{"rendered":"\n<h4 class=\"wp-block-heading\">Coupes &amp; Brushing<\/h4>\n\n\n\n<p>Coupes professionnelles pour tous les styles et longueurs, avec brushing expert pour une finition parfaite.<\/p>\n\n\n\n<h4 class=\"wp-block-heading\">Colorations, M\u00e8ches &amp; Balayages<\/h4>\n\n\n\n<p>Retouches racines, coloration compl\u00e8te, patines, m\u00e8ches et balayages pour sublimer votre beaut\u00e9 naturelle.<\/p>\n\n\n\n<h4 class=\"wp-block-heading\">Lissages &amp; Soins Capillaires<\/h4>\n\n\n\n<p>Lissage bio \u00e0 la k\u00e9ratine, botox capillaire et soins hydratants pour des cheveux sains et brillants.<\/p>\n\n\n\n<h4 class=\"wp-block-heading\">Ongles<\/h4>\n\n\n\n<p>Soins et stylisme professionnels pour vos ongles.<\/p>\n\n\n\n<h4 class=\"wp-block-heading\">Occasions Sp\u00e9ciales<\/h4>\n\n\n\n<p>Coiffures de mariage, chignons et coiffures pour \u00e9v\u00e9nements sp\u00e9ciaux.<\/p>\n\n\n\n<h3 class=\"wp-block-heading\">Vous cherchez autre chose ?<\/h3>\n\n\n\n<p>Nous offrons bien d&rsquo;autres services ! N&rsquo;h\u00e9sitez pas \u00e0 demander \u00e0 notre \u00e9quipe au salon pour tout besoin sp\u00e9cifique ou traitement qui vous int\u00e9resse.<\/p>\n\n\n\n<p><a href=\"\/tarifs\/\">Consultez notre liste compl\u00e8te de tarifs<\/a> ou <a href=\"\/contact\/\">contactez-nous<\/a> pour plus d&rsquo;informations.<\/p>\n\n\n\n<figure class=\"wp-block-gallery has-nested-images columns-default is-cropped wp-block-gallery-1 is-layout-flex wp-block-gallery-is-layout-flex\">\n<figure class=\"wp-block-image size-large\"><a href=\"https:\/\/pauseurbaine.com\/wp-content\/uploads\/2026\/03\/1000263750.jpg\"><img loading=\"lazy\" decoding=\"async\" width=\"691\" height=\"1024\" data-id=\"803\" src=\"https:\/\/pauseurbaine.com\/wp-content\/uploads\/2026\/03\/1000263750-691x1024.jpg\" alt=\"\" class=\"wp-image-803\" srcset=\"https:\/\/pauseurbaine.com\/wp-content\/uploads\/2026\/03\/1000263750-691x1024.jpg 691w, https:\/\/pauseurbaine.com\/wp-content\/uploads\/2026\/03\/1000263750-202x300.jpg 202w, https:\/\/pauseurbaine.com\/wp-content\/uploads\/2026\/03\/1000263750-768x1139.jpg 768w, https:\/\/pauseurbaine.com\/wp-content\/uploads\/2026\/03\/1000263750-1036x1536.jpg 1036w, https:\/\/pauseurbaine.com\/wp-content\/uploads\/2026\/03\/1000263750-34x50.jpg 34w, https:\/\/pauseurbaine.com\/wp-content\/uploads\/2026\/03\/1000263750.jpg 1295w\" sizes=\"auto, (max-width: 691px) 100vw, 691px\" \/><\/a><\/figure>\n\n\n\n<figure class=\"wp-block-image size-large\"><a href=\"https:\/\/pauseurbaine.com\/wp-content\/uploads\/2026\/03\/1000264012-1.jpg\"><img loading=\"lazy\" decoding=\"async\" width=\"577\" height=\"1024\" data-id=\"802\" src=\"https:\/\/pauseurbaine.com\/wp-content\/uploads\/2026\/03\/1000264012-1-577x1024.jpg\" alt=\"\" class=\"wp-image-802\" srcset=\"https:\/\/pauseurbaine.com\/wp-content\/uploads\/2026\/03\/1000264012-1-577x1024.jpg 577w, https:\/\/pauseurbaine.com\/wp-content\/uploads\/2026\/03\/1000264012-1-169x300.jpg 169w, https:\/\/pauseurbaine.com\/wp-content\/uploads\/2026\/03\/1000264012-1-768x1364.jpg 768w, https:\/\/pauseurbaine.com\/wp-content\/uploads\/2026\/03\/1000264012-1-865x1536.jpg 865w, https:\/\/pauseurbaine.com\/wp-content\/uploads\/2026\/03\/1000264012-1-28x50.jpg 28w, https:\/\/pauseurbaine.com\/wp-content\/uploads\/2026\/03\/1000264012-1.jpg 1081w\" sizes=\"auto, (max-width: 577px) 100vw, 577px\" \/><\/a><\/figure>\n\n\n\n<figure class=\"wp-block-image size-large\"><a href=\"https:\/\/pauseurbaine.com\/wp-content\/uploads\/2026\/03\/1000255928.jpg\"><img loading=\"lazy\" decoding=\"async\" width=\"819\" height=\"1024\" data-id=\"804\" src=\"https:\/\/pauseurbaine.com\/wp-content\/uploads\/2026\/03\/1000255928-819x1024.jpg\" alt=\"\" class=\"wp-image-804\" srcset=\"https:\/\/pauseurbaine.com\/wp-content\/uploads\/2026\/03\/1000255928-819x1024.jpg 819w, https:\/\/pauseurbaine.com\/wp-content\/uploads\/2026\/03\/1000255928-240x300.jpg 240w, https:\/\/pauseurbaine.com\/wp-content\/uploads\/2026\/03\/1000255928-768x960.jpg 768w, https:\/\/pauseurbaine.com\/wp-content\/uploads\/2026\/03\/1000255928-1229x1536.jpg 1229w, https:\/\/pauseurbaine.com\/wp-content\/uploads\/2026\/03\/1000255928-1638x2048.jpg 1638w, https:\/\/pauseurbaine.com\/wp-content\/uploads\/2026\/03\/1000255928-40x50.jpg 40w, https:\/\/pauseurbaine.com\/wp-content\/uploads\/2026\/03\/1000255928.jpg 2048w\" sizes=\"auto, (max-width: 819px) 100vw, 819px\" \/><\/a><\/figure>\n\n\n\n<figure class=\"wp-block-image size-large\"><a href=\"https:\/\/pauseurbaine.com\/wp-content\/uploads\/2026\/03\/1000261922-1.jpg\"><img loading=\"lazy\" decoding=\"async\" width=\"1024\" height=\"1024\" data-id=\"798\" src=\"https:\/\/pauseurbaine.com\/wp-content\/uploads\/2026\/03\/1000261922-1-1024x1024.jpg\" alt=\"\" class=\"wp-image-798\" srcset=\"https:\/\/pauseurbaine.com\/wp-content\/uploads\/2026\/03\/1000261922-1-1024x1024.jpg 1024w, https:\/\/pauseurbaine.com\/wp-content\/uploads\/2026\/03\/1000261922-1-300x300.jpg 300w, https:\/\/pauseurbaine.com\/wp-content\/uploads\/2026\/03\/1000261922-1-150x150.jpg 150w, https:\/\/pauseurbaine.com\/wp-content\/uploads\/2026\/03\/1000261922-1-768x768.jpg 768w, https:\/\/pauseurbaine.com\/wp-content\/uploads\/2026\/03\/1000261922-1-1536x1536.jpg 1536w, https:\/\/pauseurbaine.com\/wp-content\/uploads\/2026\/03\/1000261922-1-50x50.jpg 50w, https:\/\/pauseurbaine.com\/wp-content\/uploads\/2026\/03\/1000261922-1.jpg 2048w\" sizes=\"auto, (max-width: 1024px) 100vw, 1024px\" \/><\/a><\/figure>\n\n\n\n<figure class=\"wp-block-image size-large\"><a href=\"https:\/\/pauseurbaine.com\/wp-content\/uploads\/2026\/03\/1000260503.jpg\"><img loading=\"lazy\" decoding=\"async\" width=\"819\" height=\"1024\" data-id=\"800\" src=\"https:\/\/pauseurbaine.com\/wp-content\/uploads\/2026\/03\/1000260503-819x1024.jpg\" alt=\"\" class=\"wp-image-800\" srcset=\"https:\/\/pauseurbaine.com\/wp-content\/uploads\/2026\/03\/1000260503-819x1024.jpg 819w, https:\/\/pauseurbaine.com\/wp-content\/uploads\/2026\/03\/1000260503-240x300.jpg 240w, https:\/\/pauseurbaine.com\/wp-content\/uploads\/2026\/03\/1000260503-768x960.jpg 768w, https:\/\/pauseurbaine.com\/wp-content\/uploads\/2026\/03\/1000260503-1229x1536.jpg 1229w, https:\/\/pauseurbaine.com\/wp-content\/uploads\/2026\/03\/1000260503-40x50.jpg 40w, https:\/\/pauseurbaine.com\/wp-content\/uploads\/2026\/03\/1000260503.jpg 1638w\" sizes=\"auto, (max-width: 819px) 100vw, 819px\" \/><\/a><\/figure>\n\n\n\n<figure class=\"wp-block-image size-large\"><a href=\"https:\/\/pauseurbaine.com\/wp-content\/uploads\/2026\/03\/1000258949-1.jpg\"><img loading=\"lazy\" decoding=\"async\" width=\"819\" height=\"1024\" data-id=\"801\" src=\"https:\/\/pauseurbaine.com\/wp-content\/uploads\/2026\/03\/1000258949-1-819x1024.jpg\" alt=\"\" class=\"wp-image-801\" srcset=\"https:\/\/pauseurbaine.com\/wp-content\/uploads\/2026\/03\/1000258949-1-819x1024.jpg 819w, https:\/\/pauseurbaine.com\/wp-content\/uploads\/2026\/03\/1000258949-1-240x300.jpg 240w, https:\/\/pauseurbaine.com\/wp-content\/uploads\/2026\/03\/1000258949-1-768x960.jpg 768w, https:\/\/pauseurbaine.com\/wp-content\/uploads\/2026\/03\/1000258949-1-1229x1536.jpg 1229w, https:\/\/pauseurbaine.com\/wp-content\/uploads\/2026\/03\/1000258949-1-40x50.jpg 40w, https:\/\/pauseurbaine.com\/wp-content\/uploads\/2026\/03\/1000258949-1.jpg 1536w\" sizes=\"auto, (max-width: 819px) 100vw, 819px\" \/><\/a><\/figure>\n<\/figure>\n\n\n\n<figure class=\"wp-block-gallery has-nested-images columns-default is-cropped wp-block-gallery-2 is-layout-flex wp-block-gallery-is-layout-flex\">\n<figure class=\"wp-block-image size-large\"><a href=\"https:\/\/pauseurbaine.com\/wp-content\/uploads\/2026\/03\/1000135275.jpg\"><img loading=\"lazy\" decoding=\"async\" width=\"819\" height=\"1024\" data-id=\"805\" src=\"https:\/\/pauseurbaine.com\/wp-content\/uploads\/2026\/03\/1000135275-819x1024.jpg\" alt=\"\" class=\"wp-image-805\" srcset=\"https:\/\/pauseurbaine.com\/wp-content\/uploads\/2026\/03\/1000135275-819x1024.jpg 819w, https:\/\/pauseurbaine.com\/wp-content\/uploads\/2026\/03\/1000135275-240x300.jpg 240w, https:\/\/pauseurbaine.com\/wp-content\/uploads\/2026\/03\/1000135275-768x960.jpg 768w, https:\/\/pauseurbaine.com\/wp-content\/uploads\/2026\/03\/1000135275-40x50.jpg 40w, https:\/\/pauseurbaine.com\/wp-content\/uploads\/2026\/03\/1000135275.jpg 1080w\" sizes=\"auto, (max-width: 819px) 100vw, 819px\" \/><\/a><\/figure>\n\n\n\n<figure class=\"wp-block-image size-large\"><a href=\"https:\/\/pauseurbaine.com\/wp-content\/uploads\/2026\/03\/1000136047.jpg\"><img loading=\"lazy\" decoding=\"async\" width=\"576\" height=\"1024\" data-id=\"807\" src=\"https:\/\/pauseurbaine.com\/wp-content\/uploads\/2026\/03\/1000136047-576x1024.jpg\" alt=\"\" class=\"wp-image-807\" srcset=\"https:\/\/pauseurbaine.com\/wp-content\/uploads\/2026\/03\/1000136047-576x1024.jpg 576w, https:\/\/pauseurbaine.com\/wp-content\/uploads\/2026\/03\/1000136047-169x300.jpg 169w, https:\/\/pauseurbaine.com\/wp-content\/uploads\/2026\/03\/1000136047-768x1365.jpg 768w, https:\/\/pauseurbaine.com\/wp-content\/uploads\/2026\/03\/1000136047-864x1536.jpg 864w, https:\/\/pauseurbaine.com\/wp-content\/uploads\/2026\/03\/1000136047-28x50.jpg 28w, https:\/\/pauseurbaine.com\/wp-content\/uploads\/2026\/03\/1000136047.jpg 1080w\" sizes=\"auto, (max-width: 576px) 100vw, 576px\" \/><\/a><\/figure>\n\n\n\n<figure class=\"wp-block-image size-large\"><a href=\"https:\/\/pauseurbaine.com\/wp-content\/uploads\/2026\/03\/1000129530.jpg\"><img loading=\"lazy\" decoding=\"async\" width=\"576\" height=\"1024\" data-id=\"806\" src=\"https:\/\/pauseurbaine.com\/wp-content\/uploads\/2026\/03\/1000129530-576x1024.jpg\" alt=\"\" class=\"wp-image-806\" srcset=\"https:\/\/pauseurbaine.com\/wp-content\/uploads\/2026\/03\/1000129530-576x1024.jpg 576w, https:\/\/pauseurbaine.com\/wp-content\/uploads\/2026\/03\/1000129530-169x300.jpg 169w, https:\/\/pauseurbaine.com\/wp-content\/uploads\/2026\/03\/1000129530-768x1365.jpg 768w, https:\/\/pauseurbaine.com\/wp-content\/uploads\/2026\/03\/1000129530-864x1536.jpg 864w, https:\/\/pauseurbaine.com\/wp-content\/uploads\/2026\/03\/1000129530-28x50.jpg 28w, https:\/\/pauseurbaine.com\/wp-content\/uploads\/2026\/03\/1000129530.jpg 1024w\" sizes=\"auto, (max-width: 576px) 100vw, 576px\" \/><\/a><\/figure>\n<\/figure>\n\n\n\n<figure class=\"wp-block-gallery has-nested-images columns-default is-cropped wp-block-gallery-3 is-layout-flex wp-block-gallery-is-layout-flex\">\n<figure class=\"wp-block-image size-large\"><a href=\"https:\/\/pauseurbaine.com\/wp-content\/uploads\/2026\/03\/1000263285-2-scaled.jpg\"><img loading=\"lazy\" decoding=\"async\" width=\"725\" height=\"1024\" data-id=\"808\" src=\"https:\/\/pauseurbaine.com\/wp-content\/uploads\/2026\/03\/1000263285-2-725x1024.jpg\" alt=\"\" class=\"wp-image-808\" srcset=\"https:\/\/pauseurbaine.com\/wp-content\/uploads\/2026\/03\/1000263285-2-725x1024.jpg 725w, https:\/\/pauseurbaine.com\/wp-content\/uploads\/2026\/03\/1000263285-2-212x300.jpg 212w, https:\/\/pauseurbaine.com\/wp-content\/uploads\/2026\/03\/1000263285-2-768x1085.jpg 768w, https:\/\/pauseurbaine.com\/wp-content\/uploads\/2026\/03\/1000263285-2-1087x1536.jpg 1087w, https:\/\/pauseurbaine.com\/wp-content\/uploads\/2026\/03\/1000263285-2-1449x2048.jpg 1449w, https:\/\/pauseurbaine.com\/wp-content\/uploads\/2026\/03\/1000263285-2-35x50.jpg 35w, https:\/\/pauseurbaine.com\/wp-content\/uploads\/2026\/03\/1000263285-2-scaled.jpg 1812w\" sizes=\"auto, (max-width: 725px) 100vw, 725px\" \/><\/a><\/figure>\n<\/figure>\n","protected":false},"excerpt":{"rendered":"<p>Coupes &amp; Brushing Coupes professionnelles pour tous les styles et longueurs, avec brushing expert pour une finition parfaite. Colorations, M\u00e8ches &amp; Balayages Retouches racines, coloration compl\u00e8te, patines, m\u00e8ches et balayages pour sublimer votre beaut\u00e9 naturelle. Lissages &amp; Soins Capillaires Lissage bio \u00e0 la k\u00e9ratine, botox capillaire et soins hydratants pour des cheveux sains et brillants. [&hellip;]<\/p>\n","protected":false},"author":1,"featured_media":0,"parent":0,"menu_order":0,"comment_status":"closed","ping_status":"closed","template":"page-templates\/template-services.php","meta":{"footnotes":""},"class_list":["post-3","page","type-page","status-publish","hentry"],"wppr_data":[],"_links":{"self":[{"href":"https:\/\/pauseurbaine.com\/index.php\/wp-json\/wp\/v2\/pages\/3","targetHints":{"allow":["GET"]}}],"collection":[{"href":"https:\/\/pauseurbaine.com\/index.php\/wp-json\/wp\/v2\/pages"}],"about":[{"href":"https:\/\/pauseurbaine.com\/index.php\/wp-json\/wp\/v2\/types\/page"}],"author":[{"embeddable":true,"href":"https:\/\/pauseurbaine.com\/index.php\/wp-json\/wp\/v2\/users\/1"}],"replies":[{"embeddable":true,"href":"https:\/\/pauseurbaine.com\/index.php\/wp-json\/wp\/v2\/comments?post=3"}],"version-history":[{"count":6,"href":"https:\/\/pauseurbaine.com\/index.php\/wp-json\/wp\/v2\/pages\/3\/revisions"}],"predecessor-version":[{"id":810,"href":"https:\/\/pauseurbaine.com\/index.php\/wp-json\/wp\/v2\/pages\/3\/revisions\/810"}],"wp:attachment":[{"href":"https:\/\/pauseurbaine.com\/index.php\/wp-json\/wp\/v2\/media?parent=3"}],"curies":[{"name":"wp","href":"https:\/\/api.w.org\/{rel}","templated":true}]}}